{"id":117,"date":"2023-01-20T09:28:51","date_gmt":"2023-01-20T09:28:51","guid":{"rendered":"https:\/\/a5.webvaekst.dk\/?page_id=117"},"modified":"2023-02-03T16:34:38","modified_gmt":"2023-02-03T16:34:38","slug":"guides-om-knive","status":"publish","type":"page","link":"https:\/\/gastroguiden.dk\/?page_id=117","title":{"rendered":"Guides"},"content":{"rendered":"\t\t<div data-elementor-type=\"wp-page\" data-elementor-id=\"117\" class=\"elementor elementor-117\">\n\t\t\t\t\t\t\t\t\t<section class=\"elementor-section elementor-top-section elementor-element elementor-element-13472cef elementor-section-boxed elementor-section-height-default elementor-section-height-default\" data-id=\"13472cef\" data-element_type=\"section\">\n\t\t\t\t\t\t<div class=\"elementor-container elementor-column-gap-default\">\n\t\t\t\t\t<div class=\"elementor-column elementor-col-100 elementor-top-column elementor-element elementor-element-49113f23\" data-id=\"49113f23\" data-element_type=\"column\">\n\t\t\t<div class=\"elementor-widget-wrap elementor-element-populated\">\n\t\t\t\t\t\t\t\t<div class=\"elementor-element elementor-element-5631814 elementor-widget elementor-widget-heading\" data-id=\"5631814\" data-element_type=\"widget\" data-widget_type=\"heading.default\">\n\t\t\t\t<div class=\"elementor-widget-container\">\n\t\t\t<style>\/*! elementor - v3.10.0 - 09-01-2023 *\/\n.elementor-heading-title{padding:0;margin:0;line-height:1}.elementor-widget-heading .elementor-heading-title[class*=elementor-size-]>a{color:inherit;font-size:inherit;line-height:inherit}.elementor-widget-heading .elementor-heading-title.elementor-size-small{font-size:15px}.elementor-widget-heading .elementor-heading-title.elementor-size-medium{font-size:19px}.elementor-widget-heading .elementor-heading-title.elementor-size-large{font-size:29px}.elementor-widget-heading .elementor-heading-title.elementor-size-xl{font-size:39px}.elementor-widget-heading .elementor-heading-title.elementor-size-xxl{font-size:59px}<\/style><h1 class=\"elementor-heading-title elementor-size-default\">Se vores mange informative guides om knive og andet k\u00f8kkenudstyr<\/h1>\t\t<\/div>\n\t\t\t\t<\/div>\n\t\t\t\t<div class=\"elementor-element elementor-element-18268047 elementor-widget elementor-widget-text-editor\" data-id=\"18268047\" data-element_type=\"widget\" data-widget_type=\"text-editor.default\">\n\t\t\t\t<div class=\"elementor-widget-container\">\n\t\t\t<style>\/*! elementor - v3.10.0 - 09-01-2023 *\/\n.elementor-widget-text-editor.elementor-drop-cap-view-stacked .elementor-drop-cap{background-color:#818a91;color:#fff}.elementor-widget-text-editor.elementor-drop-cap-view-framed .elementor-drop-cap{color:#818a91;border:3px solid;background-color:transparent}.elementor-widget-text-editor:not(.elementor-drop-cap-view-default) .elementor-drop-cap{margin-top:8px}.elementor-widget-text-editor:not(.elementor-drop-cap-view-default) .elementor-drop-cap-letter{width:1em;height:1em}.elementor-widget-text-editor .elementor-drop-cap{float:left;text-align:center;line-height:1;font-size:50px}.elementor-widget-text-editor .elementor-drop-cap-letter{display:inline-block}<\/style>\t\t\t\t<p><!-- wp:paragraph --><\/p>\n<p>Velkommen til vores guideafdeling hos Gastro Guiden. Her fokuserer vi p\u00e5 at give vores bes\u00f8gende de n\u00f8dvendige informationer og v\u00e6rkt\u00f8jer, de har brug for, for at f\u00e5 mest muligt ud af deres knive og andet k\u00f8kkenudstyr.<\/p>\n<p><span style=\"font-family: -apple-system, BlinkMacSystemFont, 'Segoe UI', Roboto, 'Helvetica Neue', Arial, 'Noto Sans', sans-serif, 'Apple Color Emoji', 'Segoe UI Emoji', 'Segoe UI Symbol', 'Noto Color Emoji'; font-size: 1rem;\">Vi tilbyder en r\u00e6kke guides, der d\u00e6kker et bredt udvalg af emner inden for k\u00f8kkenudstyr. Vi har guides om slibesten, stegegafler m.m.<\/span><\/p>\n<p><!-- \/wp:paragraph --><\/p>\n<p><!-- wp:paragraph --><\/p>\n<p>Vi har ogs\u00e5 en s\u00e6rlig fokus p\u00e5 knive, da det er vigtigt at vide, hvordan du bedst vedligeholder dem, og ofte et punkt der er meget overset. Vores guides om eltandb\u00f8rster omfatter information om hvordan man v\u00e6lger den rigtige kniv, hvorfor en kniv ikke m\u00e5 v\u00e6re sl\u00f8v, hvordan man sliber en kniv og meget andet.<\/p>\n<p><!-- \/wp:paragraph --><\/p>\n<p><!-- wp:paragraph --><\/p>\n<p>Alle vores guides er skrevet i et letforst\u00e5eligt sprog og er designet til at v\u00e6re nemme at f\u00f8lge, og s\u00e5 er de selvf\u00f8lgelig baseret p\u00e5 eksperters gode r\u00e5d og tips.<\/p>\n<p><!-- \/wp:paragraph --><\/p>\n<p><!-- wp:paragraph --><\/p>\n<p>Vi h\u00e5ber at vores guides kan hj\u00e6lpe dig med at f\u00e5 mest muligt ud af dit k\u00f8kkenudstyr.<\/p>\n<p><!-- \/wp:paragraph --><\/p>\t\t\t\t\t\t<\/div>\n\t\t\t\t<\/div>\n\t\t\t\t\t<\/div>\n\t\t<\/div>\n\t\t\t\t\t\t\t<\/div>\n\t\t<\/section>\n\t\t\t\t<section class=\"elementor-section elementor-top-section elementor-element elementor-element-f983ff4 elementor-section-boxed elementor-section-height-default elementor-section-height-default\" data-id=\"f983ff4\" data-element_type=\"section\">\n\t\t\t\t\t\t<div class=\"elementor-container elementor-column-gap-default\">\n\t\t\t\t\t<div class=\"elementor-column elementor-col-100 elementor-top-column elementor-element elementor-element-f763a5e\" data-id=\"f763a5e\" data-element_type=\"column\">\n\t\t\t<div class=\"elementor-widget-wrap elementor-element-populated\">\n\t\t\t\t\t\t\t\t<div class=\"elementor-element elementor-element-0810e5d elementor-widget elementor-widget-jet-blog-smart-tiles\" data-id=\"0810e5d\" data-element_type=\"widget\" data-widget_type=\"jet-blog-smart-tiles.default\">\n\t\t\t\t<div class=\"elementor-widget-container\">\n\t\t\t<div class=\"elementor-jet-blog-smart-tiles jet-blog\"><div class=\"jet-smart-tiles-wrap\" data-slider-atts='{\"adaptiveHeight\":true,\"arrows\":false,\"prevArrow\":\"<i class=\\\"jet-arrow-prev jet-blog-arrow\\\"><svg width=\\\"24\\\" height=\\\"24\\\" viewBox=\\\"0 0 24 24\\\" fill=\\\"none\\\" xmlns=\\\"http:\\\/\\\/www.w3.org\\\/2000\\\/svg\\\"><path d=\\\"M14.625 5.3999L16.3 7.0749L11.35 12.0249L16.3 16.9749L14.625 18.6499L7.99999 12.0249L14.625 5.3999Z\\\" fill=\\\"#0F172A\\\"\\\/><\\\/svg><\\\/i>\",\"nextArrow\":\"<i class=\\\"jet-arrow-next jet-blog-arrow\\\"><svg width=\\\"24\\\" height=\\\"24\\\" viewBox=\\\"0 0 24 24\\\" fill=\\\"none\\\" xmlns=\\\"http:\\\/\\\/www.w3.org\\\/2000\\\/svg\\\"><path d=\\\"M9.37501 18.6001L7.70001 16.9251L12.65 11.9751L7.70001 7.0251L9.37501 5.3501L16 11.9751L9.37501 18.6001Z\\\" fill=\\\"#0F172A\\\"\\\/><\\\/svg><\\\/i>\",\"autoplay\":false,\"autoplaySpeed\":5000,\"rtl\":false}' dir=\"ltr\"><div class=\"jet-smart-tiles-slide\"><div class=\"jet-smart-tiles-slide__wrap layout-2-1-2\"><div class=\"jet-smart-tiles\">\n\t<div class=\"jet-smart-tiles__box\" style=\"background-image:url('https:\/\/gastroguiden.dk\/wp-content\/uploads\/2023\/01\/Blue-Gradient-Fade-Carnival-Activities-Instagram-Post-1800-\u00d7-1000px-16.jpg')\">\n\t\t\t\t<div class=\"jet-smart-tiles__box-content\">\n\t\t\t<div class=\"jet-smart-tiles__box-content-inner\">\n\t\t\t\t\t\t\t\t\t\t\t\t<div class=\"jet-smart-tiles__box-title\">Hvordan vedligeholder jeg min kniv?<\/div>\t\t\t\t\t\t\t\t\t\t\t\t\t\t\t\t\t\t\t<\/div>\n\t\t<\/div>\n\t\t<a href=\"https:\/\/gastroguiden.dk\/?p=360\" class=\"jet-smart-tiles__box-link\" aria-label=\"Hvordan vedligeholder jeg min kniv?\"><\/a>\n\t<\/div>\n<\/div><div class=\"jet-smart-tiles\">\n\t<div class=\"jet-smart-tiles__box\" style=\"background-image:url('https:\/\/gastroguiden.dk\/wp-content\/uploads\/2023\/01\/32.jpg')\">\n\t\t\t\t<div class=\"jet-smart-tiles__box-content\">\n\t\t\t<div class=\"jet-smart-tiles__box-content-inner\">\n\t\t\t\t\t\t\t\t\t\t\t\t<div class=\"jet-smart-tiles__box-title\">Hvilke knive skal man have?<\/div>\t\t\t\t\t\t\t\t\t\t\t\t\t\t\t\t\t\t\t<\/div>\n\t\t<\/div>\n\t\t<a href=\"https:\/\/gastroguiden.dk\/?p=358\" class=\"jet-smart-tiles__box-link\" aria-label=\"Hvilke knive skal man have?\"><\/a>\n\t<\/div>\n<\/div><div class=\"jet-smart-tiles\">\n\t<div class=\"jet-smart-tiles__box\" style=\"background-image:url('https:\/\/gastroguiden.dk\/wp-content\/uploads\/2023\/01\/36.jpg')\">\n\t\t\t\t<div class=\"jet-smart-tiles__box-content\">\n\t\t\t<div class=\"jet-smart-tiles__box-content-inner\">\n\t\t\t\t\t\t\t\t\t\t\t\t<div class=\"jet-smart-tiles__box-title\">Spar penge ved at k\u00f8be kvalitetsknive<\/div>\t\t\t\t\t\t\t\t\t\t\t\t\t\t\t\t\t\t\t<\/div>\n\t\t<\/div>\n\t\t<a href=\"https:\/\/gastroguiden.dk\/?p=356\" class=\"jet-smart-tiles__box-link\" aria-label=\"Spar penge ved at k\u00f8be kvalitetsknive\"><\/a>\n\t<\/div>\n<\/div><div class=\"jet-smart-tiles\">\n\t<div class=\"jet-smart-tiles__box\" style=\"background-image:url('https:\/\/gastroguiden.dk\/wp-content\/uploads\/2023\/01\/31.jpg')\">\n\t\t\t\t<div class=\"jet-smart-tiles__box-content\">\n\t\t\t<div class=\"jet-smart-tiles__box-content-inner\">\n\t\t\t\t\t\t\t\t\t\t\t\t<div class=\"jet-smart-tiles__box-title\">S\u00e5dan holder du dine knive skarpe<\/div>\t\t\t\t\t\t\t\t\t\t\t\t\t\t\t\t\t\t\t<\/div>\n\t\t<\/div>\n\t\t<a href=\"https:\/\/gastroguiden.dk\/?p=353\" class=\"jet-smart-tiles__box-link\" aria-label=\"S\u00e5dan holder du dine knive skarpe\"><\/a>\n\t<\/div>\n<\/div><div class=\"jet-smart-tiles\">\n\t<div class=\"jet-smart-tiles__box\" style=\"background-image:url('https:\/\/gastroguiden.dk\/wp-content\/uploads\/2023\/01\/35.jpg')\">\n\t\t\t\t<div class=\"jet-smart-tiles__box-content\">\n\t\t\t<div class=\"jet-smart-tiles__box-content-inner\">\n\t\t\t\t\t\t\t\t\t\t\t\t<div class=\"jet-smart-tiles__box-title\">Fordelene ved at have kvalitets k\u00f8kkenudstyr<\/div>\t\t\t\t\t\t\t\t\t\t\t\t\t\t\t\t\t\t\t<\/div>\n\t\t<\/div>\n\t\t<a href=\"https:\/\/gastroguiden.dk\/?p=351\" class=\"jet-smart-tiles__box-link\" aria-label=\"Fordelene ved at have kvalitets k\u00f8kkenudstyr\"><\/a>\n\t<\/div>\n<\/div><\/div><\/div><\/div><\/div>\t\t<\/div>\n\t\t\t\t<\/div>\n\t\t\t\t\t<\/div>\n\t\t<\/div>\n\t\t\t\t\t\t\t<\/div>\n\t\t<\/section>\n\t\t\t\t\t\t\t<\/div>\n\t\t","protected":false},"excerpt":{"rendered":"<p>Se vores mange informative guides om knive og andet k\u00f8kkenudstyr Velkommen til vores guideafdeling hos Gastro Guiden. Her fokuserer vi p\u00e5 at give vores bes\u00f8gende de n\u00f8dvendige informationer og v\u00e6rkt\u00f8jer, de har brug for, for at f\u00e5 mest muligt ud af deres knive og andet k\u00f8kkenudstyr. Vi tilbyder en r\u00e6kke guides, der d\u00e6kker et bredt [&hellip;]<\/p>\n","protected":false},"author":1,"featured_media":0,"parent":0,"menu_order":0,"comment_status":"closed","ping_status":"closed","template":"","meta":{"footnotes":""},"class_list":["post-117","page","type-page","status-publish","hentry"],"yoast_head":"<!-- This site is optimized with the Yoast SEO plugin v20.0 - https:\/\/yoast.com\/wordpress\/plugins\/seo\/ -->\n<title>L\u00e6s l\u00f8s! Oplev vores store udvalg af guides omkring k\u00f8kkenudstyr<\/title>\n<meta name=\"description\" content=\"Til dig der gerne vil vide mere om hvordan du passer p\u00e5, og bruger dit k\u00f8kkenudstyr og dine knive allerbedst\" \/>\n<meta name=\"robots\" content=\"index, follow, max-snippet:-1, max-image-preview:large, max-video-preview:-1\" \/>\n<link rel=\"canonical\" href=\"https:\/\/gastroguiden.dk\/?page_id=117\" \/>\n<meta property=\"og:locale\" content=\"da_DK\" \/>\n<meta property=\"og:type\" content=\"article\" \/>\n<meta property=\"og:title\" content=\"L\u00e6s l\u00f8s! Oplev vores store udvalg af guides omkring k\u00f8kkenudstyr\" \/>\n<meta property=\"og:description\" content=\"Til dig der gerne vil vide mere om hvordan du passer p\u00e5, og bruger dit k\u00f8kkenudstyr og dine knive allerbedst\" \/>\n<meta property=\"og:url\" content=\"https:\/\/gastroguiden.dk\/?page_id=117\" \/>\n<meta property=\"og:site_name\" content=\"Gastro Guiden\" \/>\n<meta property=\"article:modified_time\" content=\"2023-02-03T16:34:38+00:00\" \/>\n<meta name=\"twitter:card\" content=\"summary_large_image\" \/>\n<meta name=\"twitter:label1\" content=\"Estimeret l\u00e6setid\" \/>\n\t<meta name=\"twitter:data1\" content=\"2 minutter\" \/>\n<script type=\"application\/ld+json\" class=\"yoast-schema-graph\">{\"@context\":\"https:\/\/schema.org\",\"@graph\":[{\"@type\":\"WebPage\",\"@id\":\"https:\/\/gastroguiden.dk\/?page_id=117\",\"url\":\"https:\/\/gastroguiden.dk\/?page_id=117\",\"name\":\"L\u00e6s l\u00f8s! Oplev vores store udvalg af guides omkring k\u00f8kkenudstyr\",\"isPartOf\":{\"@id\":\"https:\/\/gastroguiden.dk\/#website\"},\"datePublished\":\"2023-01-20T09:28:51+00:00\",\"dateModified\":\"2023-02-03T16:34:38+00:00\",\"description\":\"Til dig der gerne vil vide mere om hvordan du passer p\u00e5, og bruger dit k\u00f8kkenudstyr og dine knive allerbedst\",\"breadcrumb\":{\"@id\":\"https:\/\/gastroguiden.dk\/?page_id=117#breadcrumb\"},\"inLanguage\":\"da-DK\",\"potentialAction\":[{\"@type\":\"ReadAction\",\"target\":[\"https:\/\/gastroguiden.dk\/?page_id=117\"]}]},{\"@type\":\"BreadcrumbList\",\"@id\":\"https:\/\/gastroguiden.dk\/?page_id=117#breadcrumb\",\"itemListElement\":[{\"@type\":\"ListItem\",\"position\":1,\"name\":\"Hjem\",\"item\":\"https:\/\/gastroguiden.dk\/\"},{\"@type\":\"ListItem\",\"position\":2,\"name\":\"Guides\"}]},{\"@type\":\"WebSite\",\"@id\":\"https:\/\/gastroguiden.dk\/#website\",\"url\":\"https:\/\/gastroguiden.dk\/\",\"name\":\"Gastro Guiden\",\"description\":\"Gastro Guidens form\u00e5l er at hj\u00e6lpe folk til at tr\u00e6ffe et informeret valg af deres knive og andet k\u00f8kkenudstyr\",\"publisher\":{\"@id\":\"https:\/\/gastroguiden.dk\/#organization\"},\"potentialAction\":[{\"@type\":\"SearchAction\",\"target\":{\"@type\":\"EntryPoint\",\"urlTemplate\":\"https:\/\/gastroguiden.dk\/?s={search_term_string}\"},\"query-input\":\"required name=search_term_string\"}],\"inLanguage\":\"da-DK\"},{\"@type\":\"Organization\",\"@id\":\"https:\/\/gastroguiden.dk\/#organization\",\"name\":\"Gastro Guiden\",\"url\":\"https:\/\/gastroguiden.dk\/\",\"logo\":{\"@type\":\"ImageObject\",\"inLanguage\":\"da-DK\",\"@id\":\"https:\/\/gastroguiden.dk\/#\/schema\/logo\/image\/\",\"url\":\"https:\/\/gastroguiden.dk\/wp-content\/uploads\/2023\/01\/Blue-Gradient-Fade-Carnival-Activities-Instagram-Post-1800-\u00d7-1000px-900-\u00d7-500px-500-\u00d7-200px-kopi.png\",\"contentUrl\":\"https:\/\/gastroguiden.dk\/wp-content\/uploads\/2023\/01\/Blue-Gradient-Fade-Carnival-Activities-Instagram-Post-1800-\u00d7-1000px-900-\u00d7-500px-500-\u00d7-200px-kopi.png\",\"width\":500,\"height\":200,\"caption\":\"Gastro Guiden\"},\"image\":{\"@id\":\"https:\/\/gastroguiden.dk\/#\/schema\/logo\/image\/\"}}]}<\/script>\n<!-- \/ Yoast SEO plugin. -->","yoast_head_json":{"title":"L\u00e6s l\u00f8s! Oplev vores store udvalg af guides omkring k\u00f8kkenudstyr","description":"Til dig der gerne vil vide mere om hvordan du passer p\u00e5, og bruger dit k\u00f8kkenudstyr og dine knive allerbedst","robots":{"index":"index","follow":"follow","max-snippet":"max-snippet:-1","max-image-preview":"max-image-preview:large","max-video-preview":"max-video-preview:-1"},"canonical":"https:\/\/gastroguiden.dk\/?page_id=117","og_locale":"da_DK","og_type":"article","og_title":"L\u00e6s l\u00f8s! Oplev vores store udvalg af guides omkring k\u00f8kkenudstyr","og_description":"Til dig der gerne vil vide mere om hvordan du passer p\u00e5, og bruger dit k\u00f8kkenudstyr og dine knive allerbedst","og_url":"https:\/\/gastroguiden.dk\/?page_id=117","og_site_name":"Gastro Guiden","article_modified_time":"2023-02-03T16:34:38+00:00","twitter_card":"summary_large_image","twitter_misc":{"Estimeret l\u00e6setid":"2 minutter"},"schema":{"@context":"https:\/\/schema.org","@graph":[{"@type":"WebPage","@id":"https:\/\/gastroguiden.dk\/?page_id=117","url":"https:\/\/gastroguiden.dk\/?page_id=117","name":"L\u00e6s l\u00f8s! Oplev vores store udvalg af guides omkring k\u00f8kkenudstyr","isPartOf":{"@id":"https:\/\/gastroguiden.dk\/#website"},"datePublished":"2023-01-20T09:28:51+00:00","dateModified":"2023-02-03T16:34:38+00:00","description":"Til dig der gerne vil vide mere om hvordan du passer p\u00e5, og bruger dit k\u00f8kkenudstyr og dine knive allerbedst","breadcrumb":{"@id":"https:\/\/gastroguiden.dk\/?page_id=117#breadcrumb"},"inLanguage":"da-DK","potentialAction":[{"@type":"ReadAction","target":["https:\/\/gastroguiden.dk\/?page_id=117"]}]},{"@type":"BreadcrumbList","@id":"https:\/\/gastroguiden.dk\/?page_id=117#breadcrumb","itemListElement":[{"@type":"ListItem","position":1,"name":"Hjem","item":"https:\/\/gastroguiden.dk\/"},{"@type":"ListItem","position":2,"name":"Guides"}]},{"@type":"WebSite","@id":"https:\/\/gastroguiden.dk\/#website","url":"https:\/\/gastroguiden.dk\/","name":"Gastro Guiden","description":"Gastro Guidens form\u00e5l er at hj\u00e6lpe folk til at tr\u00e6ffe et informeret valg af deres knive og andet k\u00f8kkenudstyr","publisher":{"@id":"https:\/\/gastroguiden.dk\/#organization"},"potentialAction":[{"@type":"SearchAction","target":{"@type":"EntryPoint","urlTemplate":"https:\/\/gastroguiden.dk\/?s={search_term_string}"},"query-input":"required name=search_term_string"}],"inLanguage":"da-DK"},{"@type":"Organization","@id":"https:\/\/gastroguiden.dk\/#organization","name":"Gastro Guiden","url":"https:\/\/gastroguiden.dk\/","logo":{"@type":"ImageObject","inLanguage":"da-DK","@id":"https:\/\/gastroguiden.dk\/#\/schema\/logo\/image\/","url":"https:\/\/gastroguiden.dk\/wp-content\/uploads\/2023\/01\/Blue-Gradient-Fade-Carnival-Activities-Instagram-Post-1800-\u00d7-1000px-900-\u00d7-500px-500-\u00d7-200px-kopi.png","contentUrl":"https:\/\/gastroguiden.dk\/wp-content\/uploads\/2023\/01\/Blue-Gradient-Fade-Carnival-Activities-Instagram-Post-1800-\u00d7-1000px-900-\u00d7-500px-500-\u00d7-200px-kopi.png","width":500,"height":200,"caption":"Gastro Guiden"},"image":{"@id":"https:\/\/gastroguiden.dk\/#\/schema\/logo\/image\/"}}]}},"_links":{"self":[{"href":"https:\/\/gastroguiden.dk\/index.php?rest_route=\/wp\/v2\/pages\/117","targetHints":{"allow":["GET"]}}],"collection":[{"href":"https:\/\/gastroguiden.dk\/index.php?rest_route=\/wp\/v2\/pages"}],"about":[{"href":"https:\/\/gastroguiden.dk\/index.php?rest_route=\/wp\/v2\/types\/page"}],"author":[{"embeddable":true,"href":"https:\/\/gastroguiden.dk\/index.php?rest_route=\/wp\/v2\/users\/1"}],"replies":[{"embeddable":true,"href":"https:\/\/gastroguiden.dk\/index.php?rest_route=%2Fwp%2Fv2%2Fcomments&post=117"}],"version-history":[{"count":30,"href":"https:\/\/gastroguiden.dk\/index.php?rest_route=\/wp\/v2\/pages\/117\/revisions"}],"predecessor-version":[{"id":1522,"href":"https:\/\/gastroguiden.dk\/index.php?rest_route=\/wp\/v2\/pages\/117\/revisions\/1522"}],"wp:attachment":[{"href":"https:\/\/gastroguiden.dk\/index.php?rest_route=%2Fwp%2Fv2%2Fmedia&parent=117"}],"curies":[{"name":"wp","href":"https:\/\/api.w.org\/{rel}","templated":true}]}}