{"id":120,"date":"2023-01-20T09:30:40","date_gmt":"2023-01-20T09:30:40","guid":{"rendered":"https:\/\/a5.webvaekst.dk\/?page_id=120"},"modified":"2023-03-22T12:24:11","modified_gmt":"2023-03-22T12:24:11","slug":"om-os","status":"publish","type":"page","link":"https:\/\/gastroguiden.dk\/?page_id=120","title":{"rendered":"Om os"},"content":{"rendered":"\t\t<div data-elementor-type=\"wp-page\" data-elementor-id=\"120\" class=\"elementor elementor-120\">\n\t\t\t\t\t\t\t\t\t<section class=\"elementor-section elementor-top-section elementor-element elementor-element-5c9b4a29 elementor-section-boxed elementor-section-height-default elementor-section-height-default\" data-id=\"5c9b4a29\" data-element_type=\"section\">\n\t\t\t\t\t\t<div class=\"elementor-container elementor-column-gap-default\">\n\t\t\t\t\t<div class=\"elementor-column elementor-col-100 elementor-top-column elementor-element elementor-element-6ad2a155\" data-id=\"6ad2a155\" data-element_type=\"column\">\n\t\t\t<div class=\"elementor-widget-wrap elementor-element-populated\">\n\t\t\t\t\t\t\t\t<div class=\"elementor-element elementor-element-2f86b4b elementor-widget elementor-widget-heading\" data-id=\"2f86b4b\" data-element_type=\"widget\" data-widget_type=\"heading.default\">\n\t\t\t\t<div class=\"elementor-widget-container\">\n\t\t\t<style>\/*! elementor - v3.10.0 - 09-01-2023 *\/\n.elementor-heading-title{padding:0;margin:0;line-height:1}.elementor-widget-heading .elementor-heading-title[class*=elementor-size-]>a{color:inherit;font-size:inherit;line-height:inherit}.elementor-widget-heading .elementor-heading-title.elementor-size-small{font-size:15px}.elementor-widget-heading .elementor-heading-title.elementor-size-medium{font-size:19px}.elementor-widget-heading .elementor-heading-title.elementor-size-large{font-size:29px}.elementor-widget-heading .elementor-heading-title.elementor-size-xl{font-size:39px}.elementor-widget-heading .elementor-heading-title.elementor-size-xxl{font-size:59px}<\/style><h1 class=\"elementor-heading-title elementor-size-default\">Om os<\/h1>\t\t<\/div>\n\t\t\t\t<\/div>\n\t\t\t\t<div class=\"elementor-element elementor-element-3f3c966 elementor-widget elementor-widget-text-editor\" data-id=\"3f3c966\" data-element_type=\"widget\" data-widget_type=\"text-editor.default\">\n\t\t\t\t<div class=\"elementor-widget-container\">\n\t\t\t<style>\/*! elementor - v3.10.0 - 09-01-2023 *\/\n.elementor-widget-text-editor.elementor-drop-cap-view-stacked .elementor-drop-cap{background-color:#818a91;color:#fff}.elementor-widget-text-editor.elementor-drop-cap-view-framed .elementor-drop-cap{color:#818a91;border:3px solid;background-color:transparent}.elementor-widget-text-editor:not(.elementor-drop-cap-view-default) .elementor-drop-cap{margin-top:8px}.elementor-widget-text-editor:not(.elementor-drop-cap-view-default) .elementor-drop-cap-letter{width:1em;height:1em}.elementor-widget-text-editor .elementor-drop-cap{float:left;text-align:center;line-height:1;font-size:50px}.elementor-widget-text-editor .elementor-drop-cap-letter{display:inline-block}<\/style>\t\t\t\t<p><!-- wp:paragraph --><\/p>\n<p>Hos Gastro Guiden har vi til form\u00e5l at hj\u00e6lpe alle danskere med at forbedre deres k\u00f8kken og deres madlavning. Vi tilbyder en r\u00e6kke guides med gode r\u00e5d og l\u00e6rerige tips, der kan hj\u00e6lpe dig i k\u00f8kkenet som hvordan du kan g\u00f8re dit liv nemmere med en skarp kniv, og hvordan du holder den skarp.<\/p>\n<p><!-- \/wp:paragraph --><\/p>\n<p><!-- wp:paragraph --><\/p>\n<p>Vi har ogs\u00e5 et testpanel, der regelm\u00e6ssigt unders\u00f8ger og vurderer diverse k\u00f8kkenudstyr herunder knive, for at hj\u00e6lpe vores bes\u00f8gende med at tr\u00e6ffe informerede beslutninger, n\u00e5r de k\u00f8ber deres k\u00f8kkenudstyr online.<\/p>\n<p><!-- \/wp:paragraph --><\/p>\n<p><!-- wp:paragraph --><\/p>\n<p>Vi str\u00e6ber efter at levere den mest up-to-date og p\u00e5lidelige information om k\u00f8kkenudstyr og brugen af det, s\u00e5 du kan f\u00f8le sig sikker p\u00e5, at du k\u00f8ber det bedste til sig selv og din familie.<\/p>\n<p><!-- \/wp:paragraph --><\/p>\n<p><!-- wp:paragraph --><\/p>\n<p>Vores hjemmeside er designet til at v\u00e6re nem at navigere, og vores indhold er skrevet i et letforst\u00e5eligt sprog. Vi opdaterer regelm\u00e6ssigt vores indhold med de nyeste informationer og anbefalinger fra vores eksperter.<\/p>\n<p><!-- \/wp:paragraph --><\/p>\n<p><!-- wp:paragraph --><\/p>\n<p>Velkommen til Gastro Guiden. Din vej til knivskarpe knive \ud83d\ude42<br><\/p>\n<p><\/p>\n<p><!-- \/wp:paragraph --><\/p>\t\t\t\t\t\t<\/div>\n\t\t\t\t<\/div>\n\t\t\t\t<div class=\"elementor-element elementor-element-2999e1e elementor-widget elementor-widget-heading\" data-id=\"2999e1e\" data-element_type=\"widget\" data-widget_type=\"heading.default\">\n\t\t\t\t<div class=\"elementor-widget-container\">\n\t\t\t<h2 class=\"elementor-heading-title elementor-size-default\">Tjek vores test af knive ud her:<\/h2>\t\t<\/div>\n\t\t\t\t<\/div>\n\t\t\t\t<div class=\"elementor-element elementor-element-67924db elementor-widget elementor-widget-jet-blog-smart-tiles\" data-id=\"67924db\" data-element_type=\"widget\" data-widget_type=\"jet-blog-smart-tiles.default\">\n\t\t\t\t<div class=\"elementor-widget-container\">\n\t\t\t<div class=\"elementor-jet-blog-smart-tiles jet-blog\"><div class=\"jet-smart-tiles-wrap\" data-slider-atts='{\"adaptiveHeight\":true,\"arrows\":false,\"prevArrow\":\"<i class=\\\"jet-arrow-prev jet-blog-arrow\\\"><svg width=\\\"24\\\" height=\\\"24\\\" viewBox=\\\"0 0 24 24\\\" fill=\\\"none\\\" xmlns=\\\"http:\\\/\\\/www.w3.org\\\/2000\\\/svg\\\"><path d=\\\"M14.625 5.3999L16.3 7.0749L11.35 12.0249L16.3 16.9749L14.625 18.6499L7.99999 12.0249L14.625 5.3999Z\\\" fill=\\\"#0F172A\\\"\\\/><\\\/svg><\\\/i>\",\"nextArrow\":\"<i class=\\\"jet-arrow-next jet-blog-arrow\\\"><svg width=\\\"24\\\" height=\\\"24\\\" viewBox=\\\"0 0 24 24\\\" fill=\\\"none\\\" xmlns=\\\"http:\\\/\\\/www.w3.org\\\/2000\\\/svg\\\"><path d=\\\"M9.37501 18.6001L7.70001 16.9251L12.65 11.9751L7.70001 7.0251L9.37501 5.3501L16 11.9751L9.37501 18.6001Z\\\" fill=\\\"#0F172A\\\"\\\/><\\\/svg><\\\/i>\",\"autoplay\":false,\"autoplaySpeed\":5000,\"rtl\":false}' dir=\"ltr\"><div class=\"jet-smart-tiles-slide\"><div class=\"jet-smart-tiles-slide__wrap layout-2-1-2\"><div class=\"jet-smart-tiles\">\n\t<div class=\"jet-smart-tiles__box\" style=\"background-image:url('https:\/\/gastroguiden.dk\/wp-content\/uploads\/2023\/01\/Blue-Gradient-Fade-Carnival-Activities-Instagram-Post-1800-\u00d7-1000px-2.jpg')\">\n\t\t\t\t<div class=\"jet-smart-tiles__box-content\">\n\t\t\t<div class=\"jet-smart-tiles__box-content-inner\">\n\t\t\t\t\t\t\t\t\t\t\t\t<div class=\"jet-smart-tiles__box-title\">De bedste kokkeknive til ethvert k\u00f8kken<\/div>\t\t\t\t\t\t\t\t\t\t\t\t\t\t\t\t\t\t\t<\/div>\n\t\t<\/div>\n\t\t<a href=\"https:\/\/gastroguiden.dk\/?p=362\" class=\"jet-smart-tiles__box-link\" aria-label=\"De bedste kokkeknive til ethvert k\u00f8kken\"><\/a>\n\t<\/div>\n<\/div><div class=\"jet-smart-tiles\">\n\t<div class=\"jet-smart-tiles__box\" style=\"background-image:url('https:\/\/gastroguiden.dk\/wp-content\/uploads\/2023\/01\/fiskars-hard-edge-broedkniv-22-cm-1054945-53428-3.jpeg')\">\n\t\t\t\t<div class=\"jet-smart-tiles__box-content\">\n\t\t\t<div class=\"jet-smart-tiles__box-content-inner\">\n\t\t\t\t\t\t\t\t\t\t\t\t<div class=\"jet-smart-tiles__box-title\">Test af br\u00f8dknive &#8211; Her er den bedste br\u00f8dkniv<\/div>\t\t\t\t\t\t\t\t\t\t\t\t\t\t\t\t\t\t\t<\/div>\n\t\t<\/div>\n\t\t<a href=\"https:\/\/gastroguiden.dk\/?p=142\" class=\"jet-smart-tiles__box-link\" aria-label=\"Test af br\u00f8dknive &#8211; Her er den bedste br\u00f8dkniv\"><\/a>\n\t<\/div>\n<\/div><div class=\"jet-smart-tiles\">\n\t<div class=\"jet-smart-tiles__box\" style=\"background-image:url('https:\/\/gastroguiden.dk\/wp-content\/uploads\/2023\/01\/1-1.jpg')\">\n\t\t\t\t<div class=\"jet-smart-tiles__box-content\">\n\t\t\t<div class=\"jet-smart-tiles__box-content-inner\">\n\t\t\t\t\t\t\t\t\t\t\t\t<div class=\"jet-smart-tiles__box-title\">Test af urteknive &#8211; Den her b\u00f8r du v\u00e6lge<\/div>\t\t\t\t\t\t\t\t\t\t\t\t\t\t\t\t\t\t\t<\/div>\n\t\t<\/div>\n\t\t<a href=\"https:\/\/gastroguiden.dk\/?p=140\" class=\"jet-smart-tiles__box-link\" aria-label=\"Test af urteknive &#8211; Den her b\u00f8r du v\u00e6lge\"><\/a>\n\t<\/div>\n<\/div><div class=\"jet-smart-tiles\">\n\t<div class=\"jet-smart-tiles__box\" style=\"background-image:url('https:\/\/gastroguiden.dk\/wp-content\/uploads\/2023\/01\/Miljoe-billeder-18.jpg')\">\n\t\t\t\t<div class=\"jet-smart-tiles__box-content\">\n\t\t\t<div class=\"jet-smart-tiles__box-content-inner\">\n\t\t\t\t\t\t\t\t\t\t\t\t<div class=\"jet-smart-tiles__box-title\">Test af knivs\u00e6t &#8211; Det bedste til dig der vil have det hele<\/div>\t\t\t\t\t\t\t\t\t\t\t\t\t\t\t\t\t\t\t<\/div>\n\t\t<\/div>\n\t\t<a href=\"https:\/\/gastroguiden.dk\/?p=135\" class=\"jet-smart-tiles__box-link\" aria-label=\"Test af knivs\u00e6t &#8211; Det bedste til dig der vil have det hele\"><\/a>\n\t<\/div>\n<\/div><div class=\"jet-smart-tiles\">\n\t<div class=\"jet-smart-tiles__box\" style=\"background-image:url('https:\/\/gastroguiden.dk\/wp-content\/uploads\/2022\/10\/Design-uden-navn.jpg')\">\n\t\t\t\t<div class=\"jet-smart-tiles__box-content\">\n\t\t\t<div class=\"jet-smart-tiles__box-content-inner\">\n\t\t\t\t\t\t\t\t\t\t\t\t<div class=\"jet-smart-tiles__box-title\">Test af universalknive &#8211; Her den bedste!<\/div>\t\t\t\t\t\t\t\t\t\t\t\t\t\t\t\t\t\t\t<\/div>\n\t\t<\/div>\n\t\t<a href=\"https:\/\/gastroguiden.dk\/?p=1\" class=\"jet-smart-tiles__box-link\" aria-label=\"Test af universalknive &#8211; Her den bedste!\"><\/a>\n\t<\/div>\n<\/div><\/div><\/div><\/div><\/div>\t\t<\/div>\n\t\t\t\t<\/div>\n\t\t\t\t\t<\/div>\n\t\t<\/div>\n\t\t\t\t\t\t\t<\/div>\n\t\t<\/section>\n\t\t\t\t\t\t\t<\/div>\n\t\t","protected":false},"excerpt":{"rendered":"<p>Om os Hos Gastro Guiden har vi til form\u00e5l at hj\u00e6lpe alle danskere med at forbedre deres k\u00f8kken og deres madlavning. Vi tilbyder en r\u00e6kke guides med gode r\u00e5d og l\u00e6rerige tips, der kan hj\u00e6lpe dig i k\u00f8kkenet som hvordan du kan g\u00f8re dit liv nemmere med en skarp kniv, og hvordan du holder den [&hellip;]<\/p>\n","protected":false},"author":1,"featured_media":0,"parent":0,"menu_order":0,"comment_status":"closed","ping_status":"closed","template":"","meta":{"footnotes":""},"class_list":["post-120","page","type-page","status-publish","hentry"],"yoast_head":"<!-- This site is optimized with the Yoast SEO plugin v20.0 - https:\/\/yoast.com\/wordpress\/plugins\/seo\/ -->\n<title>Find ud af mere om os og hvordan vi kan hj\u00e6lpe dig!<\/title>\n<meta name=\"description\" content=\"Her kan du l\u00e6re lidt om os og vores arbejdsm\u00e5de. Vi sigter efter at hj\u00e6lpe dig med at lave et informeret k\u00f8b n\u00e5r du handler online\" \/>\n<meta name=\"robots\" content=\"index, follow, max-snippet:-1, max-image-preview:large, max-video-preview:-1\" \/>\n<link rel=\"canonical\" href=\"https:\/\/gastroguiden.dk\/?page_id=120\" \/>\n<meta property=\"og:locale\" content=\"da_DK\" \/>\n<meta property=\"og:type\" content=\"article\" \/>\n<meta property=\"og:title\" content=\"Find ud af mere om os og hvordan vi kan hj\u00e6lpe dig!\" \/>\n<meta property=\"og:description\" content=\"Her kan du l\u00e6re lidt om os og vores arbejdsm\u00e5de. Vi sigter efter at hj\u00e6lpe dig med at lave et informeret k\u00f8b n\u00e5r du handler online\" \/>\n<meta property=\"og:url\" content=\"https:\/\/gastroguiden.dk\/?page_id=120\" \/>\n<meta property=\"og:site_name\" content=\"Gastro Guiden\" \/>\n<meta property=\"article:modified_time\" content=\"2023-03-22T12:24:11+00:00\" \/>\n<meta name=\"twitter:card\" content=\"summary_large_image\" \/>\n<meta name=\"twitter:label1\" content=\"Estimeret l\u00e6setid\" \/>\n\t<meta name=\"twitter:data1\" content=\"2 minutter\" \/>\n<script type=\"application\/ld+json\" class=\"yoast-schema-graph\">{\"@context\":\"https:\/\/schema.org\",\"@graph\":[{\"@type\":\"WebPage\",\"@id\":\"https:\/\/gastroguiden.dk\/?page_id=120\",\"url\":\"https:\/\/gastroguiden.dk\/?page_id=120\",\"name\":\"Find ud af mere om os og hvordan vi kan hj\u00e6lpe dig!\",\"isPartOf\":{\"@id\":\"https:\/\/gastroguiden.dk\/#website\"},\"datePublished\":\"2023-01-20T09:30:40+00:00\",\"dateModified\":\"2023-03-22T12:24:11+00:00\",\"description\":\"Her kan du l\u00e6re lidt om os og vores arbejdsm\u00e5de. Vi sigter efter at hj\u00e6lpe dig med at lave et informeret k\u00f8b n\u00e5r du handler online\",\"breadcrumb\":{\"@id\":\"https:\/\/gastroguiden.dk\/?page_id=120#breadcrumb\"},\"inLanguage\":\"da-DK\",\"potentialAction\":[{\"@type\":\"ReadAction\",\"target\":[\"https:\/\/gastroguiden.dk\/?page_id=120\"]}]},{\"@type\":\"BreadcrumbList\",\"@id\":\"https:\/\/gastroguiden.dk\/?page_id=120#breadcrumb\",\"itemListElement\":[{\"@type\":\"ListItem\",\"position\":1,\"name\":\"Hjem\",\"item\":\"https:\/\/gastroguiden.dk\/\"},{\"@type\":\"ListItem\",\"position\":2,\"name\":\"Om os\"}]},{\"@type\":\"WebSite\",\"@id\":\"https:\/\/gastroguiden.dk\/#website\",\"url\":\"https:\/\/gastroguiden.dk\/\",\"name\":\"Gastro Guiden\",\"description\":\"Gastro Guidens form\u00e5l er at hj\u00e6lpe folk til at tr\u00e6ffe et informeret valg af deres knive og andet k\u00f8kkenudstyr\",\"publisher\":{\"@id\":\"https:\/\/gastroguiden.dk\/#organization\"},\"potentialAction\":[{\"@type\":\"SearchAction\",\"target\":{\"@type\":\"EntryPoint\",\"urlTemplate\":\"https:\/\/gastroguiden.dk\/?s={search_term_string}\"},\"query-input\":\"required name=search_term_string\"}],\"inLanguage\":\"da-DK\"},{\"@type\":\"Organization\",\"@id\":\"https:\/\/gastroguiden.dk\/#organization\",\"name\":\"Gastro Guiden\",\"url\":\"https:\/\/gastroguiden.dk\/\",\"logo\":{\"@type\":\"ImageObject\",\"inLanguage\":\"da-DK\",\"@id\":\"https:\/\/gastroguiden.dk\/#\/schema\/logo\/image\/\",\"url\":\"https:\/\/gastroguiden.dk\/wp-content\/uploads\/2023\/01\/Blue-Gradient-Fade-Carnival-Activities-Instagram-Post-1800-\u00d7-1000px-900-\u00d7-500px-500-\u00d7-200px-kopi.png\",\"contentUrl\":\"https:\/\/gastroguiden.dk\/wp-content\/uploads\/2023\/01\/Blue-Gradient-Fade-Carnival-Activities-Instagram-Post-1800-\u00d7-1000px-900-\u00d7-500px-500-\u00d7-200px-kopi.png\",\"width\":500,\"height\":200,\"caption\":\"Gastro Guiden\"},\"image\":{\"@id\":\"https:\/\/gastroguiden.dk\/#\/schema\/logo\/image\/\"}}]}<\/script>\n<!-- \/ Yoast SEO plugin. -->","yoast_head_json":{"title":"Find ud af mere om os og hvordan vi kan hj\u00e6lpe dig!","description":"Her kan du l\u00e6re lidt om os og vores arbejdsm\u00e5de. Vi sigter efter at hj\u00e6lpe dig med at lave et informeret k\u00f8b n\u00e5r du handler online","robots":{"index":"index","follow":"follow","max-snippet":"max-snippet:-1","max-image-preview":"max-image-preview:large","max-video-preview":"max-video-preview:-1"},"canonical":"https:\/\/gastroguiden.dk\/?page_id=120","og_locale":"da_DK","og_type":"article","og_title":"Find ud af mere om os og hvordan vi kan hj\u00e6lpe dig!","og_description":"Her kan du l\u00e6re lidt om os og vores arbejdsm\u00e5de. Vi sigter efter at hj\u00e6lpe dig med at lave et informeret k\u00f8b n\u00e5r du handler online","og_url":"https:\/\/gastroguiden.dk\/?page_id=120","og_site_name":"Gastro Guiden","article_modified_time":"2023-03-22T12:24:11+00:00","twitter_card":"summary_large_image","twitter_misc":{"Estimeret l\u00e6setid":"2 minutter"},"schema":{"@context":"https:\/\/schema.org","@graph":[{"@type":"WebPage","@id":"https:\/\/gastroguiden.dk\/?page_id=120","url":"https:\/\/gastroguiden.dk\/?page_id=120","name":"Find ud af mere om os og hvordan vi kan hj\u00e6lpe dig!","isPartOf":{"@id":"https:\/\/gastroguiden.dk\/#website"},"datePublished":"2023-01-20T09:30:40+00:00","dateModified":"2023-03-22T12:24:11+00:00","description":"Her kan du l\u00e6re lidt om os og vores arbejdsm\u00e5de. Vi sigter efter at hj\u00e6lpe dig med at lave et informeret k\u00f8b n\u00e5r du handler online","breadcrumb":{"@id":"https:\/\/gastroguiden.dk\/?page_id=120#breadcrumb"},"inLanguage":"da-DK","potentialAction":[{"@type":"ReadAction","target":["https:\/\/gastroguiden.dk\/?page_id=120"]}]},{"@type":"BreadcrumbList","@id":"https:\/\/gastroguiden.dk\/?page_id=120#breadcrumb","itemListElement":[{"@type":"ListItem","position":1,"name":"Hjem","item":"https:\/\/gastroguiden.dk\/"},{"@type":"ListItem","position":2,"name":"Om os"}]},{"@type":"WebSite","@id":"https:\/\/gastroguiden.dk\/#website","url":"https:\/\/gastroguiden.dk\/","name":"Gastro Guiden","description":"Gastro Guidens form\u00e5l er at hj\u00e6lpe folk til at tr\u00e6ffe et informeret valg af deres knive og andet k\u00f8kkenudstyr","publisher":{"@id":"https:\/\/gastroguiden.dk\/#organization"},"potentialAction":[{"@type":"SearchAction","target":{"@type":"EntryPoint","urlTemplate":"https:\/\/gastroguiden.dk\/?s={search_term_string}"},"query-input":"required name=search_term_string"}],"inLanguage":"da-DK"},{"@type":"Organization","@id":"https:\/\/gastroguiden.dk\/#organization","name":"Gastro Guiden","url":"https:\/\/gastroguiden.dk\/","logo":{"@type":"ImageObject","inLanguage":"da-DK","@id":"https:\/\/gastroguiden.dk\/#\/schema\/logo\/image\/","url":"https:\/\/gastroguiden.dk\/wp-content\/uploads\/2023\/01\/Blue-Gradient-Fade-Carnival-Activities-Instagram-Post-1800-\u00d7-1000px-900-\u00d7-500px-500-\u00d7-200px-kopi.png","contentUrl":"https:\/\/gastroguiden.dk\/wp-content\/uploads\/2023\/01\/Blue-Gradient-Fade-Carnival-Activities-Instagram-Post-1800-\u00d7-1000px-900-\u00d7-500px-500-\u00d7-200px-kopi.png","width":500,"height":200,"caption":"Gastro Guiden"},"image":{"@id":"https:\/\/gastroguiden.dk\/#\/schema\/logo\/image\/"}}]}},"_links":{"self":[{"href":"https:\/\/gastroguiden.dk\/index.php?rest_route=\/wp\/v2\/pages\/120","targetHints":{"allow":["GET"]}}],"collection":[{"href":"https:\/\/gastroguiden.dk\/index.php?rest_route=\/wp\/v2\/pages"}],"about":[{"href":"https:\/\/gastroguiden.dk\/index.php?rest_route=\/wp\/v2\/types\/page"}],"author":[{"embeddable":true,"href":"https:\/\/gastroguiden.dk\/index.php?rest_route=\/wp\/v2\/users\/1"}],"replies":[{"embeddable":true,"href":"https:\/\/gastroguiden.dk\/index.php?rest_route=%2Fwp%2Fv2%2Fcomments&post=120"}],"version-history":[{"count":25,"href":"https:\/\/gastroguiden.dk\/index.php?rest_route=\/wp\/v2\/pages\/120\/revisions"}],"predecessor-version":[{"id":1543,"href":"https:\/\/gastroguiden.dk\/index.php?rest_route=\/wp\/v2\/pages\/120\/revisions\/1543"}],"wp:attachment":[{"href":"https:\/\/gastroguiden.dk\/index.php?rest_route=%2Fwp%2Fv2%2Fmedia&parent=120"}],"curies":[{"name":"wp","href":"https:\/\/api.w.org\/{rel}","templated":true}]}}