{"id":2,"date":"2022-10-03T09:52:10","date_gmt":"2022-10-03T09:52:10","guid":{"rendered":"https:\/\/template.webvaekst.dk\/?page_id=2"},"modified":"2023-02-03T16:35:15","modified_gmt":"2023-02-03T16:35:15","slug":"bedst-i-test","status":"publish","type":"page","link":"https:\/\/gastroguiden.dk\/?page_id=2","title":{"rendered":"Tests"},"content":{"rendered":"\t\t<div data-elementor-type=\"wp-page\" data-elementor-id=\"2\" class=\"elementor elementor-2\">\n\t\t\t\t\t\t\t\t\t<section class=\"elementor-section elementor-top-section elementor-element elementor-element-1db96dca elementor-section-boxed elementor-section-height-default elementor-section-height-default\" data-id=\"1db96dca\" data-element_type=\"section\">\n\t\t\t\t\t\t<div class=\"elementor-container elementor-column-gap-default\">\n\t\t\t\t\t<div class=\"elementor-column elementor-col-100 elementor-top-column elementor-element elementor-element-29ede04\" data-id=\"29ede04\" data-element_type=\"column\">\n\t\t\t<div class=\"elementor-widget-wrap elementor-element-populated\">\n\t\t\t\t\t\t\t\t<div class=\"elementor-element elementor-element-266d766 elementor-widget elementor-widget-heading\" data-id=\"266d766\" data-element_type=\"widget\" data-widget_type=\"heading.default\">\n\t\t\t\t<div class=\"elementor-widget-container\">\n\t\t\t<style>\/*! elementor - v3.10.0 - 09-01-2023 *\/\n.elementor-heading-title{padding:0;margin:0;line-height:1}.elementor-widget-heading .elementor-heading-title[class*=elementor-size-]>a{color:inherit;font-size:inherit;line-height:inherit}.elementor-widget-heading .elementor-heading-title.elementor-size-small{font-size:15px}.elementor-widget-heading .elementor-heading-title.elementor-size-medium{font-size:19px}.elementor-widget-heading .elementor-heading-title.elementor-size-large{font-size:29px}.elementor-widget-heading .elementor-heading-title.elementor-size-xl{font-size:39px}.elementor-widget-heading .elementor-heading-title.elementor-size-xxl{font-size:59px}<\/style><h1 class=\"elementor-heading-title elementor-size-default\">Se vores brede udvalg af tests her og find ud af hvordan vi tester<\/h1>\t\t<\/div>\n\t\t\t\t<\/div>\n\t\t\t\t<div class=\"elementor-element elementor-element-733927da elementor-widget elementor-widget-text-editor\" data-id=\"733927da\" data-element_type=\"widget\" data-widget_type=\"text-editor.default\">\n\t\t\t\t<div class=\"elementor-widget-container\">\n\t\t\t<style>\/*! elementor - v3.10.0 - 09-01-2023 *\/\n.elementor-widget-text-editor.elementor-drop-cap-view-stacked .elementor-drop-cap{background-color:#818a91;color:#fff}.elementor-widget-text-editor.elementor-drop-cap-view-framed .elementor-drop-cap{color:#818a91;border:3px solid;background-color:transparent}.elementor-widget-text-editor:not(.elementor-drop-cap-view-default) .elementor-drop-cap{margin-top:8px}.elementor-widget-text-editor:not(.elementor-drop-cap-view-default) .elementor-drop-cap-letter{width:1em;height:1em}.elementor-widget-text-editor .elementor-drop-cap{float:left;text-align:center;line-height:1;font-size:50px}.elementor-widget-text-editor .elementor-drop-cap-letter{display:inline-block}<\/style>\t\t\t\t<p><!-- wp:paragraph --><\/p>\n<p>Velkommen til vores testafdeling hos Gastro Guiden. Her fokuserer vi p\u00e5 at unders\u00f8ge og vurdere en r\u00e6kke forskelligt k\u00f8kkenudstyr for at hj\u00e6lpe dig&nbsp; med at tr\u00e6ffe den bedste beslutning, n\u00e5r de k\u00f8ber dine knive eller andet k\u00f8kkenudstyr online.<\/p>\n<p><!-- \/wp:paragraph --><\/p>\n<p><!-- wp:paragraph --><\/p>\n<p>Vi tester alt fra knive til slibesten, for at du altid kan finde hj\u00e6lp til dit valg af k\u00f8kkenudstyr, hvad end det m\u00e5tte v\u00e6re. Vi tester dem mod hinanden, for at i kan se hvilke produkter vores favoritter og hvorfor. I vil altid kunne finde en udf\u00f8rlig forklaring bag vores rangering. Vi g\u00f8r meget ud af at siden er nyttig uanset om du er ude efter et produkt der er bedst til prisen, eller om du leder efter det allerbedste premiumvalg. Udstyret vil blive testet p\u00e5 flere parametre, som vi finder nyttige, s\u00e5 i altid v\u00e6lger rigtigt.&nbsp;<\/p>\n<p><!-- \/wp:paragraph --><\/p>\n<p><!-- wp:paragraph --><\/p>\n<p>Alle vores testresultater og anbefalinger er baseret p\u00e5 faglige unders\u00f8gelser og erfaringer, og er tilg\u00e6ngelige p\u00e5 vores hjemmeside for alle at se. Vi h\u00e5ber at vores testresultater kan hj\u00e6lpe dig med at tr\u00e6ffe bedre beslutninger om dit k\u00f8kkenudstyr og dermed forbedre dit k\u00f8kken og din mad.<\/p>\n<p><!-- \/wp:paragraph --><\/p>\t\t\t\t\t\t<\/div>\n\t\t\t\t<\/div>\n\t\t\t\t<div class=\"elementor-element elementor-element-d160228 elementor-widget elementor-widget-jet-blog-smart-tiles\" data-id=\"d160228\" data-element_type=\"widget\" data-widget_type=\"jet-blog-smart-tiles.default\">\n\t\t\t\t<div class=\"elementor-widget-container\">\n\t\t\t<div class=\"elementor-jet-blog-smart-tiles jet-blog\"><div class=\"jet-smart-tiles-wrap\" data-slider-atts='{\"adaptiveHeight\":true,\"arrows\":false,\"prevArrow\":\"<i class=\\\"jet-arrow-prev jet-blog-arrow\\\"><svg width=\\\"24\\\" height=\\\"24\\\" viewBox=\\\"0 0 24 24\\\" fill=\\\"none\\\" xmlns=\\\"http:\\\/\\\/www.w3.org\\\/2000\\\/svg\\\"><path d=\\\"M14.625 5.3999L16.3 7.0749L11.35 12.0249L16.3 16.9749L14.625 18.6499L7.99999 12.0249L14.625 5.3999Z\\\" fill=\\\"#0F172A\\\"\\\/><\\\/svg><\\\/i>\",\"nextArrow\":\"<i class=\\\"jet-arrow-next jet-blog-arrow\\\"><svg width=\\\"24\\\" height=\\\"24\\\" viewBox=\\\"0 0 24 24\\\" fill=\\\"none\\\" xmlns=\\\"http:\\\/\\\/www.w3.org\\\/2000\\\/svg\\\"><path d=\\\"M9.37501 18.6001L7.70001 16.9251L12.65 11.9751L7.70001 7.0251L9.37501 5.3501L16 11.9751L9.37501 18.6001Z\\\" fill=\\\"#0F172A\\\"\\\/><\\\/svg><\\\/i>\",\"autoplay\":false,\"autoplaySpeed\":5000,\"rtl\":false}' dir=\"ltr\"><div class=\"jet-smart-tiles-slide\"><div class=\"jet-smart-tiles-slide__wrap layout-2-1-2\"><div class=\"jet-smart-tiles\">\n\t<div class=\"jet-smart-tiles__box\" style=\"background-image:url('https:\/\/gastroguiden.dk\/wp-content\/uploads\/2023\/01\/Blue-Gradient-Fade-Carnival-Activities-Instagram-Post-1800-\u00d7-1000px-2.jpg')\">\n\t\t\t\t<div class=\"jet-smart-tiles__box-content\">\n\t\t\t<div class=\"jet-smart-tiles__box-content-inner\">\n\t\t\t\t\t\t\t\t\t\t\t\t<div class=\"jet-smart-tiles__box-title\">De bedste kokkeknive til ethvert k\u00f8kken<\/div>\t\t\t\t\t\t\t\t\t\t\t\t\t\t\t\t\t\t\t<\/div>\n\t\t<\/div>\n\t\t<a href=\"https:\/\/gastroguiden.dk\/?p=362\" class=\"jet-smart-tiles__box-link\" aria-label=\"De bedste kokkeknive til ethvert k\u00f8kken\"><\/a>\n\t<\/div>\n<\/div><div class=\"jet-smart-tiles\">\n\t<div class=\"jet-smart-tiles__box\" style=\"background-image:url('https:\/\/gastroguiden.dk\/wp-content\/uploads\/2023\/01\/fiskars-hard-edge-broedkniv-22-cm-1054945-53428-3.jpeg')\">\n\t\t\t\t<div class=\"jet-smart-tiles__box-content\">\n\t\t\t<div class=\"jet-smart-tiles__box-content-inner\">\n\t\t\t\t\t\t\t\t\t\t\t\t<div class=\"jet-smart-tiles__box-title\">Test af br\u00f8dknive &#8211; Her er den bedste br\u00f8dkniv<\/div>\t\t\t\t\t\t\t\t\t\t\t\t\t\t\t\t\t\t\t<\/div>\n\t\t<\/div>\n\t\t<a href=\"https:\/\/gastroguiden.dk\/?p=142\" class=\"jet-smart-tiles__box-link\" aria-label=\"Test af br\u00f8dknive &#8211; Her er den bedste br\u00f8dkniv\"><\/a>\n\t<\/div>\n<\/div><div class=\"jet-smart-tiles\">\n\t<div class=\"jet-smart-tiles__box\" style=\"background-image:url('https:\/\/gastroguiden.dk\/wp-content\/uploads\/2023\/01\/1-1.jpg')\">\n\t\t\t\t<div class=\"jet-smart-tiles__box-content\">\n\t\t\t<div class=\"jet-smart-tiles__box-content-inner\">\n\t\t\t\t\t\t\t\t\t\t\t\t<div class=\"jet-smart-tiles__box-title\">Test af urteknive &#8211; Den her b\u00f8r du v\u00e6lge<\/div>\t\t\t\t\t\t\t\t\t\t\t\t\t\t\t\t\t\t\t<\/div>\n\t\t<\/div>\n\t\t<a href=\"https:\/\/gastroguiden.dk\/?p=140\" class=\"jet-smart-tiles__box-link\" aria-label=\"Test af urteknive &#8211; Den her b\u00f8r du v\u00e6lge\"><\/a>\n\t<\/div>\n<\/div><div class=\"jet-smart-tiles\">\n\t<div class=\"jet-smart-tiles__box\" style=\"background-image:url('https:\/\/gastroguiden.dk\/wp-content\/uploads\/2023\/01\/Miljoe-billeder-18.jpg')\">\n\t\t\t\t<div class=\"jet-smart-tiles__box-content\">\n\t\t\t<div class=\"jet-smart-tiles__box-content-inner\">\n\t\t\t\t\t\t\t\t\t\t\t\t<div class=\"jet-smart-tiles__box-title\">Test af knivs\u00e6t &#8211; Det bedste til dig der vil have det hele<\/div>\t\t\t\t\t\t\t\t\t\t\t\t\t\t\t\t\t\t\t<\/div>\n\t\t<\/div>\n\t\t<a href=\"https:\/\/gastroguiden.dk\/?p=135\" class=\"jet-smart-tiles__box-link\" aria-label=\"Test af knivs\u00e6t &#8211; Det bedste til dig der vil have det hele\"><\/a>\n\t<\/div>\n<\/div><div class=\"jet-smart-tiles\">\n\t<div class=\"jet-smart-tiles__box\" style=\"background-image:url('https:\/\/gastroguiden.dk\/wp-content\/uploads\/2022\/10\/Design-uden-navn.jpg')\">\n\t\t\t\t<div class=\"jet-smart-tiles__box-content\">\n\t\t\t<div class=\"jet-smart-tiles__box-content-inner\">\n\t\t\t\t\t\t\t\t\t\t\t\t<div class=\"jet-smart-tiles__box-title\">Test af universalknive &#8211; Her den bedste!<\/div>\t\t\t\t\t\t\t\t\t\t\t\t\t\t\t\t\t\t\t<\/div>\n\t\t<\/div>\n\t\t<a href=\"https:\/\/gastroguiden.dk\/?p=1\" class=\"jet-smart-tiles__box-link\" aria-label=\"Test af universalknive &#8211; Her den bedste!\"><\/a>\n\t<\/div>\n<\/div><\/div><\/div><\/div><\/div>\t\t<\/div>\n\t\t\t\t<\/div>\n\t\t\t\t\t<\/div>\n\t\t<\/div>\n\t\t\t\t\t\t\t<\/div>\n\t\t<\/section>\n\t\t\t\t\t\t\t<\/div>\n\t\t","protected":false},"excerpt":{"rendered":"<p>Se vores brede udvalg af tests her og find ud af hvordan vi tester Velkommen til vores testafdeling hos Gastro Guiden. Her fokuserer vi p\u00e5 at unders\u00f8ge og vurdere en r\u00e6kke forskelligt k\u00f8kkenudstyr for at hj\u00e6lpe dig&nbsp; med at tr\u00e6ffe den bedste beslutning, n\u00e5r de k\u00f8ber dine knive eller andet k\u00f8kkenudstyr online. Vi tester alt [&hellip;]<\/p>\n","protected":false},"author":1,"featured_media":0,"parent":0,"menu_order":0,"comment_status":"closed","ping_status":"open","template":"","meta":{"footnotes":""},"class_list":["post-2","page","type-page","status-publish","hentry"],"yoast_head":"<!-- This site is optimized with the Yoast SEO plugin v20.0 - https:\/\/yoast.com\/wordpress\/plugins\/seo\/ -->\n<title>Er du i tvivl om hvor du skal k\u00f8be dine knive. Se vores tests<\/title>\n<meta name=\"description\" content=\"Er du i tvivl om hvilket m\u00e6rke der er bedst indenfor knive. Det kan nemlig ogs\u00e5 variere. Se vores tests og finde det bedste produkt til dig\" \/>\n<meta name=\"robots\" content=\"index, follow, max-snippet:-1, max-image-preview:large, max-video-preview:-1\" \/>\n<link rel=\"canonical\" href=\"https:\/\/gastroguiden.dk\/?page_id=2\" \/>\n<meta property=\"og:locale\" content=\"da_DK\" \/>\n<meta property=\"og:type\" content=\"article\" \/>\n<meta property=\"og:title\" content=\"Er du i tvivl om hvor du skal k\u00f8be dine knive. Se vores tests\" \/>\n<meta property=\"og:description\" content=\"Er du i tvivl om hvilket m\u00e6rke der er bedst indenfor knive. Det kan nemlig ogs\u00e5 variere. Se vores tests og finde det bedste produkt til dig\" \/>\n<meta property=\"og:url\" content=\"https:\/\/gastroguiden.dk\/?page_id=2\" \/>\n<meta property=\"og:site_name\" content=\"Gastro Guiden\" \/>\n<meta property=\"article:modified_time\" content=\"2023-02-03T16:35:15+00:00\" \/>\n<meta name=\"twitter:card\" content=\"summary_large_image\" \/>\n<meta name=\"twitter:label1\" content=\"Estimeret l\u00e6setid\" \/>\n\t<meta name=\"twitter:data1\" content=\"2 minutter\" \/>\n<script type=\"application\/ld+json\" class=\"yoast-schema-graph\">{\"@context\":\"https:\/\/schema.org\",\"@graph\":[{\"@type\":\"WebPage\",\"@id\":\"https:\/\/gastroguiden.dk\/?page_id=2\",\"url\":\"https:\/\/gastroguiden.dk\/?page_id=2\",\"name\":\"Er du i tvivl om hvor du skal k\u00f8be dine knive. Se vores tests\",\"isPartOf\":{\"@id\":\"https:\/\/gastroguiden.dk\/#website\"},\"datePublished\":\"2022-10-03T09:52:10+00:00\",\"dateModified\":\"2023-02-03T16:35:15+00:00\",\"description\":\"Er du i tvivl om hvilket m\u00e6rke der er bedst indenfor knive. Det kan nemlig ogs\u00e5 variere. Se vores tests og finde det bedste produkt til dig\",\"breadcrumb\":{\"@id\":\"https:\/\/gastroguiden.dk\/?page_id=2#breadcrumb\"},\"inLanguage\":\"da-DK\",\"potentialAction\":[{\"@type\":\"ReadAction\",\"target\":[\"https:\/\/gastroguiden.dk\/?page_id=2\"]}]},{\"@type\":\"BreadcrumbList\",\"@id\":\"https:\/\/gastroguiden.dk\/?page_id=2#breadcrumb\",\"itemListElement\":[{\"@type\":\"ListItem\",\"position\":1,\"name\":\"Hjem\",\"item\":\"https:\/\/gastroguiden.dk\/\"},{\"@type\":\"ListItem\",\"position\":2,\"name\":\"Tests\"}]},{\"@type\":\"WebSite\",\"@id\":\"https:\/\/gastroguiden.dk\/#website\",\"url\":\"https:\/\/gastroguiden.dk\/\",\"name\":\"Gastro Guiden\",\"description\":\"Gastro Guidens form\u00e5l er at hj\u00e6lpe folk til at tr\u00e6ffe et informeret valg af deres knive og andet k\u00f8kkenudstyr\",\"publisher\":{\"@id\":\"https:\/\/gastroguiden.dk\/#organization\"},\"potentialAction\":[{\"@type\":\"SearchAction\",\"target\":{\"@type\":\"EntryPoint\",\"urlTemplate\":\"https:\/\/gastroguiden.dk\/?s={search_term_string}\"},\"query-input\":\"required name=search_term_string\"}],\"inLanguage\":\"da-DK\"},{\"@type\":\"Organization\",\"@id\":\"https:\/\/gastroguiden.dk\/#organization\",\"name\":\"Gastro Guiden\",\"url\":\"https:\/\/gastroguiden.dk\/\",\"logo\":{\"@type\":\"ImageObject\",\"inLanguage\":\"da-DK\",\"@id\":\"https:\/\/gastroguiden.dk\/#\/schema\/logo\/image\/\",\"url\":\"https:\/\/gastroguiden.dk\/wp-content\/uploads\/2023\/01\/Blue-Gradient-Fade-Carnival-Activities-Instagram-Post-1800-\u00d7-1000px-900-\u00d7-500px-500-\u00d7-200px-kopi.png\",\"contentUrl\":\"https:\/\/gastroguiden.dk\/wp-content\/uploads\/2023\/01\/Blue-Gradient-Fade-Carnival-Activities-Instagram-Post-1800-\u00d7-1000px-900-\u00d7-500px-500-\u00d7-200px-kopi.png\",\"width\":500,\"height\":200,\"caption\":\"Gastro Guiden\"},\"image\":{\"@id\":\"https:\/\/gastroguiden.dk\/#\/schema\/logo\/image\/\"}}]}<\/script>\n<!-- \/ Yoast SEO plugin. -->","yoast_head_json":{"title":"Er du i tvivl om hvor du skal k\u00f8be dine knive. Se vores tests","description":"Er du i tvivl om hvilket m\u00e6rke der er bedst indenfor knive. Det kan nemlig ogs\u00e5 variere. Se vores tests og finde det bedste produkt til dig","robots":{"index":"index","follow":"follow","max-snippet":"max-snippet:-1","max-image-preview":"max-image-preview:large","max-video-preview":"max-video-preview:-1"},"canonical":"https:\/\/gastroguiden.dk\/?page_id=2","og_locale":"da_DK","og_type":"article","og_title":"Er du i tvivl om hvor du skal k\u00f8be dine knive. Se vores tests","og_description":"Er du i tvivl om hvilket m\u00e6rke der er bedst indenfor knive. Det kan nemlig ogs\u00e5 variere. Se vores tests og finde det bedste produkt til dig","og_url":"https:\/\/gastroguiden.dk\/?page_id=2","og_site_name":"Gastro Guiden","article_modified_time":"2023-02-03T16:35:15+00:00","twitter_card":"summary_large_image","twitter_misc":{"Estimeret l\u00e6setid":"2 minutter"},"schema":{"@context":"https:\/\/schema.org","@graph":[{"@type":"WebPage","@id":"https:\/\/gastroguiden.dk\/?page_id=2","url":"https:\/\/gastroguiden.dk\/?page_id=2","name":"Er du i tvivl om hvor du skal k\u00f8be dine knive. Se vores tests","isPartOf":{"@id":"https:\/\/gastroguiden.dk\/#website"},"datePublished":"2022-10-03T09:52:10+00:00","dateModified":"2023-02-03T16:35:15+00:00","description":"Er du i tvivl om hvilket m\u00e6rke der er bedst indenfor knive. Det kan nemlig ogs\u00e5 variere. Se vores tests og finde det bedste produkt til dig","breadcrumb":{"@id":"https:\/\/gastroguiden.dk\/?page_id=2#breadcrumb"},"inLanguage":"da-DK","potentialAction":[{"@type":"ReadAction","target":["https:\/\/gastroguiden.dk\/?page_id=2"]}]},{"@type":"BreadcrumbList","@id":"https:\/\/gastroguiden.dk\/?page_id=2#breadcrumb","itemListElement":[{"@type":"ListItem","position":1,"name":"Hjem","item":"https:\/\/gastroguiden.dk\/"},{"@type":"ListItem","position":2,"name":"Tests"}]},{"@type":"WebSite","@id":"https:\/\/gastroguiden.dk\/#website","url":"https:\/\/gastroguiden.dk\/","name":"Gastro Guiden","description":"Gastro Guidens form\u00e5l er at hj\u00e6lpe folk til at tr\u00e6ffe et informeret valg af deres knive og andet k\u00f8kkenudstyr","publisher":{"@id":"https:\/\/gastroguiden.dk\/#organization"},"potentialAction":[{"@type":"SearchAction","target":{"@type":"EntryPoint","urlTemplate":"https:\/\/gastroguiden.dk\/?s={search_term_string}"},"query-input":"required name=search_term_string"}],"inLanguage":"da-DK"},{"@type":"Organization","@id":"https:\/\/gastroguiden.dk\/#organization","name":"Gastro Guiden","url":"https:\/\/gastroguiden.dk\/","logo":{"@type":"ImageObject","inLanguage":"da-DK","@id":"https:\/\/gastroguiden.dk\/#\/schema\/logo\/image\/","url":"https:\/\/gastroguiden.dk\/wp-content\/uploads\/2023\/01\/Blue-Gradient-Fade-Carnival-Activities-Instagram-Post-1800-\u00d7-1000px-900-\u00d7-500px-500-\u00d7-200px-kopi.png","contentUrl":"https:\/\/gastroguiden.dk\/wp-content\/uploads\/2023\/01\/Blue-Gradient-Fade-Carnival-Activities-Instagram-Post-1800-\u00d7-1000px-900-\u00d7-500px-500-\u00d7-200px-kopi.png","width":500,"height":200,"caption":"Gastro Guiden"},"image":{"@id":"https:\/\/gastroguiden.dk\/#\/schema\/logo\/image\/"}}]}},"_links":{"self":[{"href":"https:\/\/gastroguiden.dk\/index.php?rest_route=\/wp\/v2\/pages\/2","targetHints":{"allow":["GET"]}}],"collection":[{"href":"https:\/\/gastroguiden.dk\/index.php?rest_route=\/wp\/v2\/pages"}],"about":[{"href":"https:\/\/gastroguiden.dk\/index.php?rest_route=\/wp\/v2\/types\/page"}],"author":[{"embeddable":true,"href":"https:\/\/gastroguiden.dk\/index.php?rest_route=\/wp\/v2\/users\/1"}],"replies":[{"embeddable":true,"href":"https:\/\/gastroguiden.dk\/index.php?rest_route=%2Fwp%2Fv2%2Fcomments&post=2"}],"version-history":[{"count":24,"href":"https:\/\/gastroguiden.dk\/index.php?rest_route=\/wp\/v2\/pages\/2\/revisions"}],"predecessor-version":[{"id":1525,"href":"https:\/\/gastroguiden.dk\/index.php?rest_route=\/wp\/v2\/pages\/2\/revisions\/1525"}],"wp:attachment":[{"href":"https:\/\/gastroguiden.dk\/index.php?rest_route=%2Fwp%2Fv2%2Fmedia&parent=2"}],"curies":[{"name":"wp","href":"https:\/\/api.w.org\/{rel}","templated":true}]}}